{"id":72772,"date":"2019-12-26T15:07:22","date_gmt":"2019-12-26T20:07:22","guid":{"rendered":"http:\/\/hungariancleveland.org\/?page_id=72772\/"},"modified":"2021-01-13T21:16:25","modified_gmt":"2021-01-14T02:16:25","slug":"kapcsolat","status":"publish","type":"page","link":"https:\/\/hungariancleveland.org\/hu\/kapcsolat\/","title":{"rendered":"KAPCSOLAT"},"content":{"rendered":"<p>[et_pb_section fb_built=&#8221;1&#8243; custom_padding_last_edited=&#8221;off|desktop&#8221; admin_label=&#8221;Header Section&#8221; _builder_version=&#8221;4.7.7&#8243; use_background_color_gradient=&#8221;on&#8221; background_color_gradient_start=&#8221;#e8e8e8&#8243; background_color_gradient_end=&#8221;rgba(255,255,255,0)&#8221; background_color_gradient_start_position=&#8221;20%&#8221; background_color_gradient_end_position=&#8221;90%&#8221; background_color_gradient_overlays_image=&#8221;on&#8221; background_image=&#8221;https:\/\/hungariancleveland.org\/wp-content\/uploads\/2021\/01\/kezdo.jpg&#8221; custom_padding=&#8221;0%|0px|45.7%|0px||&#8221; custom_padding_tablet=&#8221;320px|0px|0px|0px&#8221;][et_pb_row admin_label=&#8221;Header Row&#8221; _builder_version=&#8221;3.25&#8243; custom_padding=&#8221;||2px|||&#8221;][et_pb_column type=&#8221;4_4&#8243; _builder_version=&#8221;3.25&#8243; custom_padding=&#8221;|||&#8221; custom_padding__hover=&#8221;|||&#8221;][et_pb_text _builder_version=&#8221;4.7.7&#8243; text_font=&#8221;Open Sans|600|||||||&#8221; text_font_size=&#8221;16px&#8221; text_line_height=&#8221;1.8em&#8221; header_font=&#8221;Oswald|||on|||||&#8221; header_font_size=&#8221;60px&#8221; header_letter_spacing=&#8221;5px&#8221; header_line_height=&#8221;1.4em&#8221; text_orientation=&#8221;center&#8221; max_width=&#8221;700px&#8221; module_alignment=&#8221;center&#8221; animation_style=&#8221;fade&#8221;]<\/p>\n<h1>Kapcsolattart\u00e1s az Eme-vel<\/h1>\n<p>Az EME egy erny\u0151szervezet mely egyes\u00edti a Cleveland k\u00f6rny\u00e9ki magyar templomokat \u00e9s civil szervezeteket. \u00c9rdekl\u0151d\u00e9s\u00e9nek f\u00fcggv\u00e9ny\u00e9ben k\u00e9rj\u00fck keresse a tagszervezetek k\u00e9pvisel\u0151it.<\/p>\n<p>[\/et_pb_text][\/et_pb_column][\/et_pb_row][\/et_pb_section][et_pb_section fb_built=&#8221;1&#8243; admin_label=&#8221;Contact Info Section&#8221; _builder_version=&#8221;3.22&#8243; custom_padding=&#8221;100px|0px|100px|0px&#8221;][et_pb_row column_structure=&#8221;1_2,1_2&#8243; admin_label=&#8221;Contact Us Row&#8221; _builder_version=&#8221;3.25&#8243;][et_pb_column type=&#8221;1_2&#8243; _builder_version=&#8221;3.25&#8243; custom_padding=&#8221;|||&#8221; custom_padding__hover=&#8221;|||&#8221;][et_pb_text _builder_version=&#8221;4.7.7&#8243; text_font=&#8221;Open Sans|600|||||||&#8221; text_font_size=&#8221;16px&#8221; text_line_height=&#8221;1.8em&#8221; header_font=&#8221;||||||||&#8221; header_2_font=&#8221;Oswald|||on|||||&#8221; header_2_font_size=&#8221;45px&#8221; header_2_letter_spacing=&#8221;3px&#8221; header_2_line_height=&#8221;1.4em&#8221; module_alignment=&#8221;center&#8221; custom_margin=&#8221;40px|||&#8221; custom_margin_tablet=&#8221;0px|||&#8221; custom_margin_phone=&#8221;|||&#8221; custom_margin_last_edited=&#8221;on|phone&#8221;]<\/p>\n<h2>Kapcsolat<\/h2>\n<p>Az EME egy \u00f6nk\u00e9ntes munk\u00e1n alapul\u00f3 szervezet, \u00edgy k\u00e9shet\u00fcnk a v\u00e1laszad\u00e1ssal. Aj\u00e1nljuk, hogy specifikus k\u00e9rd\u00e9s\u00e9vel keresse a tagszervezetek k\u00e9pvisel\u0151it. <\/p>\n<p>[\/et_pb_text][\/et_pb_column][et_pb_column type=&#8221;1_2&#8243; _builder_version=&#8221;3.25&#8243; custom_padding=&#8221;|||&#8221; custom_padding__hover=&#8221;|||&#8221;][et_pb_contact_form module_id=&#8221;et_pb_contact_form_0&#8243; _builder_version=&#8221;4.7.7&#8243; form_field_background_color=&#8221;rgba(255,255,255,0.4)&#8221; form_field_text_color=&#8221;rgba(0,0,0,0.4)&#8221; form_field_font=&#8221;Open Sans|600|||||||&#8221; form_field_font_size=&#8221;14px&#8221; custom_button=&#8221;on&#8221; button_text_size=&#8221;14px&#8221; button_text_color=&#8221;#ffffff&#8221; button_bg_color=&#8221;#000000&#8243; button_border_width=&#8221;10px&#8221; button_border_color=&#8221;rgba(0,0,0,0)&#8221; button_border_radius=&#8221;30px&#8221; button_letter_spacing=&#8221;2px&#8221; button_font=&#8221;Open Sans|700||on|||||&#8221; button_use_icon=&#8221;off&#8221; hover_enabled=&#8221;0&#8243; border_width_all=&#8221;2px&#8221; border_color_all=&#8221;rgba(51,51,51,0.1)&#8221; form_background_color=&#8221;rgba(255,255,255,0.4)&#8221; button_text_color_hover=&#8221;#ffffff&#8221; button_bg_color_hover=&#8221;rgba(0,0,0,0.7)&#8221; button_border_color_hover=&#8221;rgba(0,0,0,0)&#8221; button_border_radius_hover=&#8221;29px&#8221; button_letter_spacing_hover=&#8221;2px&#8221; email=&#8221;president@hungariancleveland.org&#8221; use_spam_service=&#8221;on&#8221; recaptcha_list=&#8221;Default|Default-0&#8243; sticky_enabled=&#8221;0&#8243;][et_pb_contact_field field_id=&#8221;Name&#8221; field_title=&#8221;N\u00e9v&#8221; _builder_version=&#8221;3.16&#8243; button_text_size__hover_enabled=&#8221;off&#8221; button_one_text_size__hover_enabled=&#8221;off&#8221; button_two_text_size__hover_enabled=&#8221;off&#8221; button_text_color__hover_enabled=&#8221;off&#8221; button_one_text_color__hover_enabled=&#8221;off&#8221; button_two_text_color__hover_enabled=&#8221;off&#8221; button_border_width__hover_enabled=&#8221;off&#8221; button_one_border_width__hover_enabled=&#8221;off&#8221; button_two_border_width__hover_enabled=&#8221;off&#8221; button_border_color__hover_enabled=&#8221;off&#8221; button_one_border_color__hover_enabled=&#8221;off&#8221; button_two_border_color__hover_enabled=&#8221;off&#8221; button_border_radius__hover_enabled=&#8221;off&#8221; button_one_border_radius__hover_enabled=&#8221;off&#8221; button_two_border_radius__hover_enabled=&#8221;off&#8221; button_letter_spacing__hover_enabled=&#8221;off&#8221; button_one_letter_spacing__hover_enabled=&#8221;off&#8221; button_two_letter_spacing__hover_enabled=&#8221;off&#8221; button_bg_color__hover_enabled=&#8221;off&#8221; button_one_bg_color__hover_enabled=&#8221;off&#8221; button_two_bg_color__hover_enabled=&#8221;off&#8221;][\/et_pb_contact_field][et_pb_contact_field field_id=&#8221;Email&#8221; field_title=&#8221;E-mail c\u00edm&#8221; field_type=&#8221;email&#8221; _builder_version=&#8221;3.16&#8243; button_text_size__hover_enabled=&#8221;off&#8221; button_one_text_size__hover_enabled=&#8221;off&#8221; button_two_text_size__hover_enabled=&#8221;off&#8221; button_text_color__hover_enabled=&#8221;off&#8221; button_one_text_color__hover_enabled=&#8221;off&#8221; button_two_text_color__hover_enabled=&#8221;off&#8221; button_border_width__hover_enabled=&#8221;off&#8221; button_one_border_width__hover_enabled=&#8221;off&#8221; button_two_border_width__hover_enabled=&#8221;off&#8221; button_border_color__hover_enabled=&#8221;off&#8221; button_one_border_color__hover_enabled=&#8221;off&#8221; button_two_border_color__hover_enabled=&#8221;off&#8221; button_border_radius__hover_enabled=&#8221;off&#8221; button_one_border_radius__hover_enabled=&#8221;off&#8221; button_two_border_radius__hover_enabled=&#8221;off&#8221; button_letter_spacing__hover_enabled=&#8221;off&#8221; button_one_letter_spacing__hover_enabled=&#8221;off&#8221; button_two_letter_spacing__hover_enabled=&#8221;off&#8221; button_bg_color__hover_enabled=&#8221;off&#8221; button_one_bg_color__hover_enabled=&#8221;off&#8221; button_two_bg_color__hover_enabled=&#8221;off&#8221;][\/et_pb_contact_field][et_pb_contact_field field_id=&#8221;Message&#8221; field_title=&#8221;\u00dczenet&#8221; field_type=&#8221;text&#8221; fullwidth_field=&#8221;on&#8221; _builder_version=&#8221;3.16&#8243; button_text_size__hover_enabled=&#8221;off&#8221; button_one_text_size__hover_enabled=&#8221;off&#8221; button_two_text_size__hover_enabled=&#8221;off&#8221; button_text_color__hover_enabled=&#8221;off&#8221; button_one_text_color__hover_enabled=&#8221;off&#8221; button_two_text_color__hover_enabled=&#8221;off&#8221; button_border_width__hover_enabled=&#8221;off&#8221; button_one_border_width__hover_enabled=&#8221;off&#8221; button_two_border_width__hover_enabled=&#8221;off&#8221; button_border_color__hover_enabled=&#8221;off&#8221; button_one_border_color__hover_enabled=&#8221;off&#8221; button_two_border_color__hover_enabled=&#8221;off&#8221; button_border_radius__hover_enabled=&#8221;off&#8221; button_one_border_radius__hover_enabled=&#8221;off&#8221; button_two_border_radius__hover_enabled=&#8221;off&#8221; button_letter_spacing__hover_enabled=&#8221;off&#8221; button_one_letter_spacing__hover_enabled=&#8221;off&#8221; button_two_letter_spacing__hover_enabled=&#8221;off&#8221; button_bg_color__hover_enabled=&#8221;off&#8221; button_one_bg_color__hover_enabled=&#8221;off&#8221; button_two_bg_color__hover_enabled=&#8221;off&#8221;][\/et_pb_contact_field][\/et_pb_contact_form][\/et_pb_column][\/et_pb_row][\/et_pb_section]<\/p>\n","protected":false},"excerpt":{"rendered":"<p>Kapcsolattart\u00e1s az Eme-vel Az EME egy erny\u0151szervezet mely egyes\u00edti a Cleveland k\u00f6rny\u00e9ki magyar templomokat \u00e9s civil szervezeteket. \u00c9rdekl\u0151d\u00e9s\u00e9nek f\u00fcggv\u00e9ny\u00e9ben k\u00e9rj\u00fck keresse a tagszervezetek k\u00e9pvisel\u0151it.Kapcsolat Az EME egy \u00f6nk\u00e9ntes munk\u00e1n alapul\u00f3 [&hellip;]<\/p>\n","protected":false},"author":1,"featured_media":0,"parent":0,"menu_order":0,"comment_status":"closed","ping_status":"closed","template":"","meta":{"_et_pb_use_builder":"on","_et_pb_old_content":"<!-- Begin Mailchimp Signup Form -->\r\n\r\n<style type=\"text\/css\">\r\n\t#mc_embed_signup{background:#fff; clear:left; font:14px Helvetica,Arial,sans-serif; }<br \/>\r\n\t\/* Add your own Mailchimp form style overrides in your site stylesheet or in this style block.<br \/>\r\n\t   We recommend moving this block and the preceding CSS link to the HEAD of your HTML file. *\/<br \/>\r\n<\/style>\r\n<div id=\"mc_embed_signup\"><form id=\"mc-embedded-subscribe-form\" class=\"validate\" action=\"https:\/\/hungariancleveland.us4.list-manage.com\/subscribe\/post?u=c7055430acdd7d4691a70e981&id=9c276c3e89\" method=\"post\" name=\"mc-embedded-subscribe-form\" novalidate=\"\" target=\"_blank\">\r\n<div id=\"mc_embed_signup_scroll\">\r\n<h2>Subscribe<\/h2>\r\n<div class=\"indicates-required\"><span class=\"asterisk\">*<\/span> indicates required<\/div>\r\n<div class=\"mc-field-group\"><label for=\"mce-EMAIL\">Email Address <span class=\"asterisk\">*<\/span>\r\n<\/label>\r\n<input id=\"mce-EMAIL\" class=\"required email\" name=\"EMAIL\" type=\"email\" value=\"\" \/><\/div>\r\n<div id=\"mce-responses\" class=\"clear\">\r\n<div id=\"mce-error-response\" class=\"response\" style=\"display: none;\"><\/div>\r\n<div id=\"mce-success-response\" class=\"response\" style=\"display: none;\"><\/div>\r\n<\/div>\r\n<!-- real people should not fill this in and expect good things - do not remove this or risk form bot signups-->\r\n<div style=\"position: absolute; left: -5000px;\" aria-hidden=\"true\"><input tabindex=\"-1\" name=\"b_c7055430acdd7d4691a70e981_9c276c3e89\" type=\"text\" value=\"\" \/><\/div>\r\n<div class=\"\"><input id=\"mc-embedded-subscribe\" class=\"button\" name=\"subscribe\" type=\"submit\" value=\"Subscribe\" \/><\/div>\r\n<\/div>\r\n<\/form><\/div>\r\n<script type='text\/javascript' src='\/\/s3.amazonaws.com\/downloads.mailchimp.com\/js\/mc-validate.js'><\/script><script type='text\/javascript'>(function($) {window.fnames = new Array(); window.ftypes = new Array();fnames[0]='EMAIL';ftypes[0]='email';fnames[1]='FNAME';ftypes[1]='text';fnames[2]='LNAME';ftypes[2]='text';fnames[3]='ADDRESS';ftypes[3]='address';fnames[4]='PHONE';ftypes[4]='phone';fnames[5]='BIRTHDAY';ftypes[5]='birthday';}(jQuery));var $mcj = jQuery.noConflict(true);<\/script>\r\n<!--End mc_embed_signup-->","_et_gb_content_width":"","footnotes":""},"class_list":["post-72772","page","type-page","status-publish","hentry"],"yoast_head":"<!-- This site is optimized with the Yoast SEO plugin v26.9 - https:\/\/yoast.com\/product\/yoast-seo-wordpress\/ -->\n<title>KAPCSOLAT - United Hungarian Societies<\/title>\n<meta name=\"robots\" content=\"index, follow, max-snippet:-1, max-image-preview:large, max-video-preview:-1\" \/>\n<link rel=\"canonical\" href=\"https:\/\/hungariancleveland.org\/hu\/kapcsolat\/\" \/>\n<meta property=\"og:locale\" content=\"hu_HU\" \/>\n<meta property=\"og:type\" content=\"article\" \/>\n<meta property=\"og:title\" content=\"KAPCSOLAT - United Hungarian Societies\" \/>\n<meta property=\"og:description\" content=\"Kapcsolattart\u00e1s az Eme-vel Az EME egy erny\u0151szervezet mely egyes\u00edti a Cleveland k\u00f6rny\u00e9ki magyar templomokat \u00e9s civil szervezeteket. \u00c9rdekl\u0151d\u00e9s\u00e9nek f\u00fcggv\u00e9ny\u00e9ben k\u00e9rj\u00fck keresse a tagszervezetek k\u00e9pvisel\u0151it.Kapcsolat Az EME egy \u00f6nk\u00e9ntes munk\u00e1n alapul\u00f3 [&hellip;]\" \/>\n<meta property=\"og:url\" content=\"https:\/\/hungariancleveland.org\/hu\/kapcsolat\/\" \/>\n<meta property=\"og:site_name\" content=\"United Hungarian Societies\" \/>\n<meta property=\"article:modified_time\" content=\"2021-01-14T02:16:25+00:00\" \/>\n<meta name=\"twitter:card\" content=\"summary_large_image\" \/>\n<meta name=\"twitter:label1\" content=\"Becs\u00fclt olvas\u00e1si id\u0151\" \/>\n\t<meta name=\"twitter:data1\" content=\"5 perc\" \/>\n<script type=\"application\/ld+json\" class=\"yoast-schema-graph\">{\"@context\":\"https:\/\/schema.org\",\"@graph\":[{\"@type\":\"WebPage\",\"@id\":\"https:\/\/hungariancleveland.org\/hu\/kapcsolat\/\",\"url\":\"https:\/\/hungariancleveland.org\/hu\/kapcsolat\/\",\"name\":\"KAPCSOLAT - United Hungarian Societies\",\"isPartOf\":{\"@id\":\"https:\/\/hungariancleveland.org\/hu\/#website\"},\"datePublished\":\"2019-12-26T20:07:22+00:00\",\"dateModified\":\"2021-01-14T02:16:25+00:00\",\"breadcrumb\":{\"@id\":\"https:\/\/hungariancleveland.org\/hu\/kapcsolat\/#breadcrumb\"},\"inLanguage\":\"hu\",\"potentialAction\":[{\"@type\":\"ReadAction\",\"target\":[\"https:\/\/hungariancleveland.org\/hu\/kapcsolat\/\"]}]},{\"@type\":\"BreadcrumbList\",\"@id\":\"https:\/\/hungariancleveland.org\/hu\/kapcsolat\/#breadcrumb\",\"itemListElement\":[{\"@type\":\"ListItem\",\"position\":1,\"name\":\"Home\",\"item\":\"https:\/\/hungariancleveland.org\/hu\/\"},{\"@type\":\"ListItem\",\"position\":2,\"name\":\"KAPCSOLAT\"}]},{\"@type\":\"WebSite\",\"@id\":\"https:\/\/hungariancleveland.org\/hu\/#website\",\"url\":\"https:\/\/hungariancleveland.org\/hu\/\",\"name\":\"United Hungarian Societies\",\"description\":\"n umbrella organization that unites the Greater Cleveland area Hungarian-American organizations\",\"potentialAction\":[{\"@type\":\"SearchAction\",\"target\":{\"@type\":\"EntryPoint\",\"urlTemplate\":\"https:\/\/hungariancleveland.org\/hu\/?s={search_term_string}\"},\"query-input\":{\"@type\":\"PropertyValueSpecification\",\"valueRequired\":true,\"valueName\":\"search_term_string\"}}],\"inLanguage\":\"hu\"}]}<\/script>\n<!-- \/ Yoast SEO plugin. -->","yoast_head_json":{"title":"KAPCSOLAT - United Hungarian Societies","robots":{"index":"index","follow":"follow","max-snippet":"max-snippet:-1","max-image-preview":"max-image-preview:large","max-video-preview":"max-video-preview:-1"},"canonical":"https:\/\/hungariancleveland.org\/hu\/kapcsolat\/","og_locale":"hu_HU","og_type":"article","og_title":"KAPCSOLAT - United Hungarian Societies","og_description":"Kapcsolattart\u00e1s az Eme-vel Az EME egy erny\u0151szervezet mely egyes\u00edti a Cleveland k\u00f6rny\u00e9ki magyar templomokat \u00e9s civil szervezeteket. \u00c9rdekl\u0151d\u00e9s\u00e9nek f\u00fcggv\u00e9ny\u00e9ben k\u00e9rj\u00fck keresse a tagszervezetek k\u00e9pvisel\u0151it.Kapcsolat Az EME egy \u00f6nk\u00e9ntes munk\u00e1n alapul\u00f3 [&hellip;]","og_url":"https:\/\/hungariancleveland.org\/hu\/kapcsolat\/","og_site_name":"United Hungarian Societies","article_modified_time":"2021-01-14T02:16:25+00:00","twitter_card":"summary_large_image","twitter_misc":{"Becs\u00fclt olvas\u00e1si id\u0151":"5 perc"},"schema":{"@context":"https:\/\/schema.org","@graph":[{"@type":"WebPage","@id":"https:\/\/hungariancleveland.org\/hu\/kapcsolat\/","url":"https:\/\/hungariancleveland.org\/hu\/kapcsolat\/","name":"KAPCSOLAT - United Hungarian Societies","isPartOf":{"@id":"https:\/\/hungariancleveland.org\/hu\/#website"},"datePublished":"2019-12-26T20:07:22+00:00","dateModified":"2021-01-14T02:16:25+00:00","breadcrumb":{"@id":"https:\/\/hungariancleveland.org\/hu\/kapcsolat\/#breadcrumb"},"inLanguage":"hu","potentialAction":[{"@type":"ReadAction","target":["https:\/\/hungariancleveland.org\/hu\/kapcsolat\/"]}]},{"@type":"BreadcrumbList","@id":"https:\/\/hungariancleveland.org\/hu\/kapcsolat\/#breadcrumb","itemListElement":[{"@type":"ListItem","position":1,"name":"Home","item":"https:\/\/hungariancleveland.org\/hu\/"},{"@type":"ListItem","position":2,"name":"KAPCSOLAT"}]},{"@type":"WebSite","@id":"https:\/\/hungariancleveland.org\/hu\/#website","url":"https:\/\/hungariancleveland.org\/hu\/","name":"United Hungarian Societies","description":"n umbrella organization that unites the Greater Cleveland area Hungarian-American organizations","potentialAction":[{"@type":"SearchAction","target":{"@type":"EntryPoint","urlTemplate":"https:\/\/hungariancleveland.org\/hu\/?s={search_term_string}"},"query-input":{"@type":"PropertyValueSpecification","valueRequired":true,"valueName":"search_term_string"}}],"inLanguage":"hu"}]}},"_links":{"self":[{"href":"https:\/\/hungariancleveland.org\/hu\/wp-json\/wp\/v2\/pages\/72772","targetHints":{"allow":["GET"]}}],"collection":[{"href":"https:\/\/hungariancleveland.org\/hu\/wp-json\/wp\/v2\/pages"}],"about":[{"href":"https:\/\/hungariancleveland.org\/hu\/wp-json\/wp\/v2\/types\/page"}],"author":[{"embeddable":true,"href":"https:\/\/hungariancleveland.org\/hu\/wp-json\/wp\/v2\/users\/1"}],"replies":[{"embeddable":true,"href":"https:\/\/hungariancleveland.org\/hu\/wp-json\/wp\/v2\/comments?post=72772"}],"version-history":[{"count":14,"href":"https:\/\/hungariancleveland.org\/hu\/wp-json\/wp\/v2\/pages\/72772\/revisions"}],"predecessor-version":[{"id":92230,"href":"https:\/\/hungariancleveland.org\/hu\/wp-json\/wp\/v2\/pages\/72772\/revisions\/92230"}],"wp:attachment":[{"href":"https:\/\/hungariancleveland.org\/hu\/wp-json\/wp\/v2\/media?parent=72772"}],"curies":[{"name":"wp","href":"https:\/\/api.w.org\/{rel}","templated":true}]}}