{"id":47,"date":"2014-01-13T20:18:47","date_gmt":"2014-01-14T01:18:47","guid":{"rendered":"http:\/\/www.hungariancleveland.org\/?page_id=47"},"modified":"2014-01-13T20:18:47","modified_gmt":"2014-01-14T01:18:47","slug":"esemenynaptar","status":"publish","type":"page","link":"https:\/\/hungariancleveland.org\/hu\/esemenynaptar\/","title":{"rendered":"Esem\u00e9nynapt\u00e1r"},"content":{"rendered":"<div id=\"pl-47\"  class=\"panel-layout\" >\n<div id=\"pg-47-0\"  class=\"panel-grid panel-no-style\"  data-style=\"{&quot;background_image_attachment&quot;:false,&quot;background_display&quot;:&quot;tile&quot;,&quot;cell_alignment&quot;:&quot;flex-start&quot;}\"  data-ratio=\"1\"  data-ratio-direction=\"right\" >\n<div id=\"pgc-47-0-0\"  class=\"panel-grid-cell\"  data-weight=\"1\" >\n<div id=\"panel-47-0-0-0\" class=\"so-panel widget widget_text panel-first-child panel-last-child\" data-index=\"0\" data-style=\"{&quot;background_image_attachment&quot;:false,&quot;background_display&quot;:&quot;tile&quot;}\" >\n<div class=\"textwidget\">\n<p><iframe style=\"border: none; overflow: hidden;\" src=\"https:\/\/www.facebook.com\/plugins\/video.php?href=https%3A%2F%2Fwww.facebook.com%2F103276141295272%2Fvideos%2F635616753773183%2F&amp;show_text=1&amp;width=800\" frameborder=\"0\" scrolling=\"no\" allowfullscreen=\"allowfullscreen\"><\/iframe><\/p>\n<p><a href=\"http:\/\/hungariancleveland.org\/hu\/kapcsolat\/\" class=\"woo-sc-button  custom\" style=\"background:;border-color:\"><span class=\"woo-\">Esem\u00e9ny bek\u00fcld\u00e9s<\/span><\/a>\u00a0 <a href=\"http:\/\/hungariancleveland.org\/hu\/korlevel\/\" class=\"woo-sc-button  custom\" style=\"background:;border-color:\"><span class=\"woo-\">Iratkozzon fel havi esem\u00e9ny t\u00e1j\u00e9koztat\u00f3 k\u00f6rlevel\u00fcnkre<\/span><\/a><\/p>\n<\/div><\/div>\n<\/div>\n<\/div>\n<div id=\"pg-47-1\"  class=\"panel-grid panel-no-style\" >\n<div id=\"pgc-47-1-0\"  class=\"panel-grid-cell\"  data-weight=\"1\" >\n<div id=\"panel-47-1-0-0\" class=\"so-panel widget widget_text panel-first-child panel-last-child\" data-index=\"1\" data-style=\"{&quot;background_image_attachment&quot;:false,&quot;background_display&quot;:&quot;tile&quot;}\" >\n<div class=\"textwidget\"><script class=\"ai1ec-widget-placeholder\" data-widget=\"ai1ec_superwidget\" data-action=\"agenda\">\n  (function(){var d=document,s=d.createElement('script'),\n  i='ai1ec-script';if(d.getElementById(i))return;s.async=1;\n  s.id=i;s.src='\/\/www.bocskairadio.org\/?ai1ec_js_widget';\n  d.getElementsByTagName('head')[0].appendChild(s);})();\n<\/script><\/div>\n<\/p><\/div>\n<\/div>\n<\/div>\n<div id=\"pg-47-2\"  class=\"panel-grid panel-no-style\" >\n<div id=\"pgc-47-2-0\"  class=\"panel-grid-cell\"  data-weight=\"0.248368382886\" >\n<div id=\"panel-47-2-0-0\" class=\"so-panel widget widget_text panel-first-child panel-last-child\" data-index=\"2\" data-style=\"{&quot;background_display&quot;:&quot;tile&quot;}\" >\n<div class=\"textwidget\">\n<p><a target=\"_blank\" href=\"http:\/\/www.hungariancleveland.org\/wp-content\/uploads\/sites\/3\/2014\/01\/EVENT-FORM2.doc\" class=\"woo-sc-button  green large\" rel=\"noopener\"><span class=\"woo-download\">T\u00f6ltse le az esem\u00e9ny bek\u00fcld\u0151 \u00edvet<\/span><\/a><br \/>\n<a target=\"_blank\" href=\"http:\/\/www.hungariancleveland.org\/wp-content\/uploads\/sites\/3\/2014\/01\/EVENT-FORM-EXAMPLE.doc\" class=\"woo-sc-button  green\" rel=\"noopener\"><span class=\"woo-download\">T\u00f6ltse le az esem\u00e9ny bek\u00fcld\u0151 \u00edvet kit\u00f6ltve egy p\u00e9ld\u00e1val<\/span><\/a><\/p>\n<\/div><\/div>\n<\/div>\n<div id=\"pgc-47-2-1\"  class=\"panel-grid-cell\"  data-weight=\"0.751631617114\" >\n<div id=\"panel-47-2-1-0\" class=\"so-panel widget widget_siteorigin-panels-postloop panel-first-child panel-last-child\" data-index=\"3\" data-style=\"{&quot;background_display&quot;:&quot;tile&quot;}\" >[siteorigin_widget class=&#8221;SiteOrigin_Panels_Widgets_PostLoop&#8221;]<input type=\"hidden\" value=\"{&quot;instance&quot;:{&quot;title&quot;:&quot;&quot;,&quot;template&quot;:&quot;content-post.php&quot;,&quot;post_type&quot;:&quot;post&quot;,&quot;posts_per_page&quot;:&quot;1&quot;,&quot;orderby&quot;:&quot;date&quot;,&quot;order&quot;:&quot;DESC&quot;,&quot;sticky&quot;:&quot;&quot;,&quot;more&quot;:true,&quot;additional&quot;:&quot;&quot;,&quot;so_sidebar_emulator_id&quot;:&quot;siteorigin-panels-postloop-4710003&quot;,&quot;option_name&quot;:&quot;widget_siteorigin-panels-postloop&quot;},&quot;args&quot;:{&quot;before_widget&quot;:&quot;&lt;div id=\\&quot;panel-47-2-1-0\\&quot; class=\\&quot;so-panel widget widget_siteorigin-panels-postloop panel-first-child panel-last-child\\&quot; data-index=\\&quot;3\\&quot; data-style=\\&quot;{&amp;quot;background_display&amp;quot;:&amp;quot;tile&amp;quot;}\\&quot; &gt;&quot;,&quot;after_widget&quot;:&quot;&lt;\\\/div&gt;&quot;,&quot;before_title&quot;:&quot;&lt;h3 class=\\&quot;widget-title\\&quot;&gt;&quot;,&quot;after_title&quot;:&quot;&lt;\\\/h3&gt;&quot;,&quot;widget_id&quot;:&quot;widget-2-1-0&quot;}}\" \/>[\/siteorigin_widget]<\/div>\n<\/div>\n<\/div>\n<\/div>\n","protected":false},"excerpt":{"rendered":"<p>Esem\u00e9ny bek\u00fcld\u00e9s\u00a0 Iratkozzon fel havi esem\u00e9ny t\u00e1j\u00e9koztat\u00f3 k\u00f6rlevel\u00fcnkre T\u00f6ltse le az esem\u00e9ny bek\u00fcld\u0151 \u00edvet T\u00f6ltse le az esem\u00e9ny bek\u00fcld\u0151 \u00edvet kit\u00f6ltve egy p\u00e9ld\u00e1val [siteorigin_widget class=&#8221;SiteOrigin_Panels_Widgets_PostLoop&#8221;][\/siteorigin_widget]<\/p>\n","protected":false},"author":1,"featured_media":2042,"parent":0,"menu_order":0,"comment_status":"closed","ping_status":"closed","template":"","meta":{"_et_pb_use_builder":"","_et_pb_old_content":"","_et_gb_content_width":"","footnotes":""},"class_list":["post-47","page","type-page","status-publish","has-post-thumbnail","hentry"],"yoast_head":"<!-- This site is optimized with the Yoast SEO plugin v26.9 - https:\/\/yoast.com\/product\/yoast-seo-wordpress\/ -->\n<title>Esem\u00e9nynapt\u00e1r - United Hungarian Societies<\/title>\n<meta name=\"robots\" content=\"index, follow, max-snippet:-1, max-image-preview:large, max-video-preview:-1\" \/>\n<link rel=\"canonical\" href=\"https:\/\/hungariancleveland.org\/hu\/esemenynaptar\/\" \/>\n<meta property=\"og:locale\" content=\"hu_HU\" \/>\n<meta property=\"og:type\" content=\"article\" \/>\n<meta property=\"og:title\" content=\"Esem\u00e9nynapt\u00e1r - United Hungarian Societies\" \/>\n<meta property=\"og:description\" content=\"Esem\u00e9ny bek\u00fcld\u00e9s\u00a0 Iratkozzon fel havi esem\u00e9ny t\u00e1j\u00e9koztat\u00f3 k\u00f6rlevel\u00fcnkre T\u00f6ltse le az esem\u00e9ny bek\u00fcld\u0151 \u00edvet T\u00f6ltse le az esem\u00e9ny bek\u00fcld\u0151 \u00edvet kit\u00f6ltve egy p\u00e9ld\u00e1val [siteorigin_widget class=&#8221;SiteOrigin_Panels_Widgets_PostLoop&#8221;][\/siteorigin_widget]\" \/>\n<meta property=\"og:url\" content=\"https:\/\/hungariancleveland.org\/hu\/esemenynaptar\/\" \/>\n<meta property=\"og:site_name\" content=\"United Hungarian Societies\" \/>\n<meta name=\"twitter:card\" content=\"summary_large_image\" \/>\n<meta name=\"twitter:image\" content=\"https:\/\/hungariancleveland.org\/wp-content\/uploads\/2016\/02\/DSC_2930.jpg\" \/>\n<script type=\"application\/ld+json\" class=\"yoast-schema-graph\">{\"@context\":\"https:\/\/schema.org\",\"@graph\":[{\"@type\":\"WebPage\",\"@id\":\"https:\/\/hungariancleveland.org\/hu\/esemenynaptar\/\",\"url\":\"https:\/\/hungariancleveland.org\/hu\/esemenynaptar\/\",\"name\":\"Esem\u00e9nynapt\u00e1r - United Hungarian Societies\",\"isPartOf\":{\"@id\":\"https:\/\/hungariancleveland.org\/hu\/#website\"},\"primaryImageOfPage\":{\"@id\":\"https:\/\/hungariancleveland.org\/hu\/esemenynaptar\/#primaryimage\"},\"image\":{\"@id\":\"https:\/\/hungariancleveland.org\/hu\/esemenynaptar\/#primaryimage\"},\"thumbnailUrl\":\"https:\/\/hungariancleveland.org\/wp-content\/uploads\/2016\/02\/DSC_2930.jpg\",\"datePublished\":\"2014-01-14T01:18:47+00:00\",\"breadcrumb\":{\"@id\":\"https:\/\/hungariancleveland.org\/hu\/esemenynaptar\/#breadcrumb\"},\"inLanguage\":\"hu\",\"potentialAction\":[{\"@type\":\"ReadAction\",\"target\":[\"https:\/\/hungariancleveland.org\/hu\/esemenynaptar\/\"]}]},{\"@type\":\"ImageObject\",\"inLanguage\":\"hu\",\"@id\":\"https:\/\/hungariancleveland.org\/hu\/esemenynaptar\/#primaryimage\",\"url\":\"https:\/\/hungariancleveland.org\/wp-content\/uploads\/2016\/02\/DSC_2930.jpg\",\"contentUrl\":\"https:\/\/hungariancleveland.org\/wp-content\/uploads\/2016\/02\/DSC_2930.jpg\",\"width\":1920,\"height\":1280},{\"@type\":\"BreadcrumbList\",\"@id\":\"https:\/\/hungariancleveland.org\/hu\/esemenynaptar\/#breadcrumb\",\"itemListElement\":[{\"@type\":\"ListItem\",\"position\":1,\"name\":\"Home\",\"item\":\"https:\/\/hungariancleveland.org\/hu\/\"},{\"@type\":\"ListItem\",\"position\":2,\"name\":\"Esem\u00e9nynapt\u00e1r\"}]},{\"@type\":\"WebSite\",\"@id\":\"https:\/\/hungariancleveland.org\/hu\/#website\",\"url\":\"https:\/\/hungariancleveland.org\/hu\/\",\"name\":\"United Hungarian Societies\",\"description\":\"n umbrella organization that unites the Greater Cleveland area Hungarian-American organizations\",\"potentialAction\":[{\"@type\":\"SearchAction\",\"target\":{\"@type\":\"EntryPoint\",\"urlTemplate\":\"https:\/\/hungariancleveland.org\/hu\/?s={search_term_string}\"},\"query-input\":{\"@type\":\"PropertyValueSpecification\",\"valueRequired\":true,\"valueName\":\"search_term_string\"}}],\"inLanguage\":\"hu\"}]}<\/script>\n<!-- \/ Yoast SEO plugin. -->","yoast_head_json":{"title":"Esem\u00e9nynapt\u00e1r - United Hungarian Societies","robots":{"index":"index","follow":"follow","max-snippet":"max-snippet:-1","max-image-preview":"max-image-preview:large","max-video-preview":"max-video-preview:-1"},"canonical":"https:\/\/hungariancleveland.org\/hu\/esemenynaptar\/","og_locale":"hu_HU","og_type":"article","og_title":"Esem\u00e9nynapt\u00e1r - United Hungarian Societies","og_description":"Esem\u00e9ny bek\u00fcld\u00e9s\u00a0 Iratkozzon fel havi esem\u00e9ny t\u00e1j\u00e9koztat\u00f3 k\u00f6rlevel\u00fcnkre T\u00f6ltse le az esem\u00e9ny bek\u00fcld\u0151 \u00edvet T\u00f6ltse le az esem\u00e9ny bek\u00fcld\u0151 \u00edvet kit\u00f6ltve egy p\u00e9ld\u00e1val [siteorigin_widget class=&#8221;SiteOrigin_Panels_Widgets_PostLoop&#8221;][\/siteorigin_widget]","og_url":"https:\/\/hungariancleveland.org\/hu\/esemenynaptar\/","og_site_name":"United Hungarian Societies","twitter_card":"summary_large_image","twitter_image":"https:\/\/hungariancleveland.org\/wp-content\/uploads\/2016\/02\/DSC_2930.jpg","schema":{"@context":"https:\/\/schema.org","@graph":[{"@type":"WebPage","@id":"https:\/\/hungariancleveland.org\/hu\/esemenynaptar\/","url":"https:\/\/hungariancleveland.org\/hu\/esemenynaptar\/","name":"Esem\u00e9nynapt\u00e1r - United Hungarian Societies","isPartOf":{"@id":"https:\/\/hungariancleveland.org\/hu\/#website"},"primaryImageOfPage":{"@id":"https:\/\/hungariancleveland.org\/hu\/esemenynaptar\/#primaryimage"},"image":{"@id":"https:\/\/hungariancleveland.org\/hu\/esemenynaptar\/#primaryimage"},"thumbnailUrl":"https:\/\/hungariancleveland.org\/wp-content\/uploads\/2016\/02\/DSC_2930.jpg","datePublished":"2014-01-14T01:18:47+00:00","breadcrumb":{"@id":"https:\/\/hungariancleveland.org\/hu\/esemenynaptar\/#breadcrumb"},"inLanguage":"hu","potentialAction":[{"@type":"ReadAction","target":["https:\/\/hungariancleveland.org\/hu\/esemenynaptar\/"]}]},{"@type":"ImageObject","inLanguage":"hu","@id":"https:\/\/hungariancleveland.org\/hu\/esemenynaptar\/#primaryimage","url":"https:\/\/hungariancleveland.org\/wp-content\/uploads\/2016\/02\/DSC_2930.jpg","contentUrl":"https:\/\/hungariancleveland.org\/wp-content\/uploads\/2016\/02\/DSC_2930.jpg","width":1920,"height":1280},{"@type":"BreadcrumbList","@id":"https:\/\/hungariancleveland.org\/hu\/esemenynaptar\/#breadcrumb","itemListElement":[{"@type":"ListItem","position":1,"name":"Home","item":"https:\/\/hungariancleveland.org\/hu\/"},{"@type":"ListItem","position":2,"name":"Esem\u00e9nynapt\u00e1r"}]},{"@type":"WebSite","@id":"https:\/\/hungariancleveland.org\/hu\/#website","url":"https:\/\/hungariancleveland.org\/hu\/","name":"United Hungarian Societies","description":"n umbrella organization that unites the Greater Cleveland area Hungarian-American organizations","potentialAction":[{"@type":"SearchAction","target":{"@type":"EntryPoint","urlTemplate":"https:\/\/hungariancleveland.org\/hu\/?s={search_term_string}"},"query-input":{"@type":"PropertyValueSpecification","valueRequired":true,"valueName":"search_term_string"}}],"inLanguage":"hu"}]}},"_links":{"self":[{"href":"https:\/\/hungariancleveland.org\/hu\/wp-json\/wp\/v2\/pages\/47","targetHints":{"allow":["GET"]}}],"collection":[{"href":"https:\/\/hungariancleveland.org\/hu\/wp-json\/wp\/v2\/pages"}],"about":[{"href":"https:\/\/hungariancleveland.org\/hu\/wp-json\/wp\/v2\/types\/page"}],"author":[{"embeddable":true,"href":"https:\/\/hungariancleveland.org\/hu\/wp-json\/wp\/v2\/users\/1"}],"replies":[{"embeddable":true,"href":"https:\/\/hungariancleveland.org\/hu\/wp-json\/wp\/v2\/comments?post=47"}],"version-history":[{"count":0,"href":"https:\/\/hungariancleveland.org\/hu\/wp-json\/wp\/v2\/pages\/47\/revisions"}],"wp:featuredmedia":[{"embeddable":true,"href":"https:\/\/hungariancleveland.org\/hu\/wp-json\/wp\/v2\/media\/2042"}],"wp:attachment":[{"href":"https:\/\/hungariancleveland.org\/hu\/wp-json\/wp\/v2\/media?parent=47"}],"curies":[{"name":"wp","href":"https:\/\/api.w.org\/{rel}","templated":true}]}}