{"id":27,"date":"2014-01-13T17:50:14","date_gmt":"2014-01-13T22:50:14","guid":{"rendered":"http:\/\/www.hungariancleveland.org\/?page_id=27"},"modified":"2014-01-13T17:50:14","modified_gmt":"2014-01-13T22:50:14","slug":"media-hu","status":"publish","type":"page","link":"https:\/\/hungariancleveland.org\/hu\/media-hu\/","title":{"rendered":"M\u00e9dia"},"content":{"rendered":"<h4>Magyar r\u00e1di\u00f3 programok Clevelandben<\/h4>\n<p><strong>WCSB 89.3 FM<\/strong> Saturdays 11:00 am &#8211; 12:30 pm<br \/>\n<strong>WKTL 90.7 FM<\/strong> Saturdays 12:00 pm \u2013 1:30 pm<br \/>\n<strong>WAPS 91.3 FM<\/strong> Sundays 8:00-9:00 am<br \/>\n<strong>WUJC 88.7 FM<\/strong> Sundays 2:00-5:00 pm<br \/>\n<strong>WCPN 90.3 FM<\/strong> Sundays 7:00-8:00 pm<br \/>\n<strong>WKTX 830 AM<\/strong> Mon-Fri 5:00-6:00 pm,\u00a0Sat 3:00-5:00 pm,\u00a0Sun 1:00-3:00<\/p>\n<h4>Magyar \u00fajs\u00e1gok<\/h4>\n<table border=\"1\" cellspacing=\"0\" cellpadding=\"0\">\n<tbody>\n<tr valign=\"middle\">\n<td valign=\"middle\"><strong>Title<\/strong><\/td>\n<td valign=\"middle\"><strong>Owned by<\/strong><\/td>\n<td valign=\"middle\"><strong>Type<\/strong><\/td>\n<td valign=\"middle\"><strong>Language<\/strong><\/td>\n<td valign=\"middle\"><strong>Editor<\/strong><\/td>\n<\/tr>\n<tr valign=\"middle\">\n<td valign=\"middle\"><a href=\"http:\/\/www.pano-rama.hu\/\">American Hungarian Panorama<\/a><\/td>\n<td valign=\"middle\">Mixmedia Inc.,<br \/>\n245 East, 81rd\u00a0 St,<br \/>\nNew York\u00a0N.Y.<\/td>\n<td valign=\"middle\">quarterly<\/td>\n<td valign=\"middle\">Hungarian<\/td>\n<td valign=\"middle\">Dr L\u00e1szl\u00f3 Tanka<\/td>\n<\/tr>\n<tr valign=\"middle\">\n<td valign=\"middle\"><a href=\"http:\/\/www.amhir.com\/\">Amerikai Magyar Hirlap<\/a><\/td>\n<td valign=\"middle\">Amerikai Magyar Hirlap,<br \/>\n535 N. Rossmore Ave. #1,<br \/>\nLos Angeles, CA 90004<\/td>\n<td valign=\"middle\">weekly<\/td>\n<td valign=\"middle\">Hungarian<\/td>\n<td valign=\"middle\">Susan Jancso<\/td>\n<\/tr>\n<tr valign=\"middle\">\n<td valign=\"middle\"><a href=\"http:\/\/www.nepszava.com\/\">Amerikai Magyar N\u00e9pszava Szabads\u00e1g<\/a><\/td>\n<td valign=\"middle\">Olivia Media and Publishing Corporation<br \/>\n180 Walnut Street A-47,<br \/>\nMontclair NJ 07042<\/td>\n<td valign=\"middle\">weekly<\/td>\n<td valign=\"middle\">Hungarian<\/td>\n<td valign=\"middle\"><\/td>\n<\/tr>\n<tr valign=\"middle\">\n<td valign=\"middle\"><a href=\"http:\/\/reformatus.us\/CalvinSynodHerald\/\">Amerikai Magyar Reform\u00e1tusok Lapja<\/a><\/td>\n<td valign=\"middle\">Calvin Synod<\/td>\n<td valign=\"middle\">bimonthly<\/td>\n<td valign=\"middle\">Hungarian English<\/td>\n<td valign=\"middle\"><\/td>\n<\/tr>\n<tr valign=\"middle\">\n<td valign=\"middle\"><a href=\"http:\/\/www.americanhungarianfederation.org\/\">Amerikai Magyar\u00a0Sz\u00f3<\/a><br \/>\n<a href=\"http:\/\/www.americanhungarianfederation.org\/\">A Hid<\/a><\/td>\n<td valign=\"middle\">American Hungarian Federation New York<\/td>\n<td valign=\"middle\">weekly<\/td>\n<td valign=\"middle\">Hungarian<\/td>\n<td valign=\"middle\"><\/td>\n<\/tr>\n<tr valign=\"middle\">\n<td valign=\"middle\">Er\u0151s V\u00e1r<\/td>\n<td valign=\"middle\">Amerikai Magyar Evang\u00e9likus\u00a0\u00a0Konferencia<br \/>\nPO Box 770828,<br \/>\nLakewood, OH 44107<\/td>\n<td valign=\"middle\">Megjelenik k\u00e9thavonk\u00e9nt<\/td>\n<td valign=\"middle\">Magyar<\/td>\n<td valign=\"middle\">Bernhardt B\u00e9la ev. f\u0151esperes<\/td>\n<\/tr>\n<tr valign=\"middle\">\n<td valign=\"middle\">Hirek<\/td>\n<td valign=\"middle\">Hungarian Cultural Center of Northeast Ohio<br \/>\nP.O. Box 847\u00a0Chesterland 44026<\/td>\n<td valign=\"middle\">bimonthly<\/td>\n<td valign=\"middle\">English\/td&gt;<\/td>\n<td valign=\"middle\">Mary-Jane Moln\u00e1r<\/td>\n<\/tr>\n<tr valign=\"middle\">\n<td valign=\"middle\">Itt-Ott<\/td>\n<td valign=\"middle\">Magyar Bar\u00e1ti K\u00f6z\u00f6ss\u00e9g<br \/>\nP.O. Box\u00a0112<br \/>\nAda, OH\u00a045810<\/td>\n<td valign=\"middle\">quarterly<\/td>\n<td valign=\"middle\">Hungarian<\/td>\n<td valign=\"middle\">Andr\u00e1s Lud\u00e1nyi<\/td>\n<\/tr>\n<tr valign=\"middle\">\n<td valign=\"middle\"><a title=\"J\u00f3 Munk\u00e1t\" href=\"http:\/\/www.csbk.org\/?page_id=780\" target=\"_blank\" rel=\"noopener\">J\u00f3 munk\u00e1t!<\/a><\/td>\n<td valign=\"middle\">Friends of Hungarian Scouting<br \/>\nP.O. Box 6783<br \/>\nCleveland 44101<\/td>\n<td valign=\"middle\">irregular<\/td>\n<td valign=\"middle\">Hungarian<\/td>\n<td valign=\"middle\">Ildik\u00f3 Peller<\/td>\n<\/tr>\n<tr valign=\"middle\">\n<td valign=\"middle\"><a href=\"http:\/\/www.kanadaimagyarsag.ca\/\">Kanadai-Amerikai Magyars\u00e1g<\/a><\/td>\n<td valign=\"middle\">Canada\u00a0Media Nonprofit\u00a0Corp.<br \/>\n747 St. Clair Ave<br \/>\nToronto<\/td>\n<td valign=\"middle\">weekly<\/td>\n<td valign=\"middle\">Hungarian<\/td>\n<td valign=\"middle\"><\/td>\n<\/tr>\n<tr valign=\"middle\">\n<td valign=\"middle\"><a href=\"http:\/\/mv.atw.hu\/\">Magyarok Vas\u00e1rnapja<\/a><\/td>\n<td valign=\"middle\">8223 SVL Box<br \/>\nVictorville, CA<\/td>\n<td valign=\"middle\"><\/td>\n<td valign=\"middle\">Hungarian<\/td>\n<td valign=\"middle\">L\u00f3r\u00e1nt Sz\u00e1sz<\/td>\n<\/tr>\n<tr valign=\"middle\">\n<td valign=\"middle\">Nyugati Magyars\u00e1g<\/td>\n<td valign=\"middle\">Transatlantic Publications,<br \/>\nP.O. Box 125,<br \/>\nMt. Roal\u00a0\u00a0Stn.<br \/>\nMontreal\u00a0Canada<\/td>\n<td valign=\"middle\">monthly<\/td>\n<td valign=\"middle\">Hungarian<\/td>\n<td valign=\"middle\">Istv\u00e1n Mikl\u00f3ssi<\/td>\n<\/tr>\n<tr valign=\"middle\">\n<td valign=\"middle\">Review<\/td>\n<td valign=\"middle\">The Cleveland Hungarian Heritage Society<br \/>\nP.O. Box 24134<br \/>\nCleveland, OH<\/td>\n<td valign=\"middle\">twice yearly<\/td>\n<td valign=\"middle\">Hungarian English<\/td>\n<td valign=\"middle\"><\/td>\n<\/tr>\n<tr valign=\"middle\">\n<td valign=\"middle\">William Penn Life<\/td>\n<td valign=\"middle\">William Penn Association<br \/>\n709 Brighton Road\u00a0Pittsburg PA<\/td>\n<td valign=\"middle\">monthly<\/td>\n<td valign=\"middle\">English<\/td>\n<td valign=\"middle\">George S. Charles Jr.<\/td>\n<\/tr>\n<\/tbody>\n<\/table>\n","protected":false},"excerpt":{"rendered":"<p>Magyar r\u00e1di\u00f3 programok Clevelandben WCSB 89.3 FM Saturdays 11:00 am &#8211; 12:30 pm WKTL 90.7 FM Saturdays 12:00 pm \u2013 1:30 pm WAPS 91.3 FM Sundays 8:00-9:00 am WUJC 88.7 [&hellip;]<\/p>\n","protected":false},"author":1,"featured_media":0,"parent":0,"menu_order":0,"comment_status":"closed","ping_status":"closed","template":"","meta":{"_et_pb_use_builder":"","_et_pb_old_content":"","_et_gb_content_width":"","footnotes":""},"class_list":["post-27","page","type-page","status-publish","hentry"],"yoast_head":"<!-- This site is optimized with the Yoast SEO plugin v26.9 - https:\/\/yoast.com\/product\/yoast-seo-wordpress\/ -->\n<title>M\u00e9dia - United Hungarian Societies<\/title>\n<meta name=\"robots\" content=\"index, follow, max-snippet:-1, max-image-preview:large, max-video-preview:-1\" \/>\n<link rel=\"canonical\" href=\"https:\/\/hungariancleveland.org\/hu\/media-hu\/\" \/>\n<meta property=\"og:locale\" content=\"hu_HU\" \/>\n<meta property=\"og:type\" content=\"article\" \/>\n<meta property=\"og:title\" content=\"M\u00e9dia - United Hungarian Societies\" \/>\n<meta property=\"og:description\" content=\"Magyar r\u00e1di\u00f3 programok Clevelandben WCSB 89.3 FM Saturdays 11:00 am &#8211; 12:30 pm WKTL 90.7 FM Saturdays 12:00 pm \u2013 1:30 pm WAPS 91.3 FM Sundays 8:00-9:00 am WUJC 88.7 [&hellip;]\" \/>\n<meta property=\"og:url\" content=\"https:\/\/hungariancleveland.org\/hu\/media-hu\/\" \/>\n<meta property=\"og:site_name\" content=\"United Hungarian Societies\" \/>\n<meta name=\"twitter:card\" content=\"summary_large_image\" \/>\n<meta name=\"twitter:label1\" content=\"Becs\u00fclt olvas\u00e1si id\u0151\" \/>\n\t<meta name=\"twitter:data1\" content=\"1 perc\" \/>\n<script type=\"application\/ld+json\" class=\"yoast-schema-graph\">{\"@context\":\"https:\/\/schema.org\",\"@graph\":[{\"@type\":\"WebPage\",\"@id\":\"https:\/\/hungariancleveland.org\/hu\/media-hu\/\",\"url\":\"https:\/\/hungariancleveland.org\/hu\/media-hu\/\",\"name\":\"M\u00e9dia - United Hungarian Societies\",\"isPartOf\":{\"@id\":\"https:\/\/hungariancleveland.org\/hu\/#website\"},\"datePublished\":\"2014-01-13T22:50:14+00:00\",\"breadcrumb\":{\"@id\":\"https:\/\/hungariancleveland.org\/hu\/media-hu\/#breadcrumb\"},\"inLanguage\":\"hu\",\"potentialAction\":[{\"@type\":\"ReadAction\",\"target\":[\"https:\/\/hungariancleveland.org\/hu\/media-hu\/\"]}]},{\"@type\":\"BreadcrumbList\",\"@id\":\"https:\/\/hungariancleveland.org\/hu\/media-hu\/#breadcrumb\",\"itemListElement\":[{\"@type\":\"ListItem\",\"position\":1,\"name\":\"Home\",\"item\":\"https:\/\/hungariancleveland.org\/hu\/\"},{\"@type\":\"ListItem\",\"position\":2,\"name\":\"M\u00e9dia\"}]},{\"@type\":\"WebSite\",\"@id\":\"https:\/\/hungariancleveland.org\/hu\/#website\",\"url\":\"https:\/\/hungariancleveland.org\/hu\/\",\"name\":\"United Hungarian Societies\",\"description\":\"n umbrella organization that unites the Greater Cleveland area Hungarian-American organizations\",\"potentialAction\":[{\"@type\":\"SearchAction\",\"target\":{\"@type\":\"EntryPoint\",\"urlTemplate\":\"https:\/\/hungariancleveland.org\/hu\/?s={search_term_string}\"},\"query-input\":{\"@type\":\"PropertyValueSpecification\",\"valueRequired\":true,\"valueName\":\"search_term_string\"}}],\"inLanguage\":\"hu\"}]}<\/script>\n<!-- \/ Yoast SEO plugin. -->","yoast_head_json":{"title":"M\u00e9dia - United Hungarian Societies","robots":{"index":"index","follow":"follow","max-snippet":"max-snippet:-1","max-image-preview":"max-image-preview:large","max-video-preview":"max-video-preview:-1"},"canonical":"https:\/\/hungariancleveland.org\/hu\/media-hu\/","og_locale":"hu_HU","og_type":"article","og_title":"M\u00e9dia - United Hungarian Societies","og_description":"Magyar r\u00e1di\u00f3 programok Clevelandben WCSB 89.3 FM Saturdays 11:00 am &#8211; 12:30 pm WKTL 90.7 FM Saturdays 12:00 pm \u2013 1:30 pm WAPS 91.3 FM Sundays 8:00-9:00 am WUJC 88.7 [&hellip;]","og_url":"https:\/\/hungariancleveland.org\/hu\/media-hu\/","og_site_name":"United Hungarian Societies","twitter_card":"summary_large_image","twitter_misc":{"Becs\u00fclt olvas\u00e1si id\u0151":"1 perc"},"schema":{"@context":"https:\/\/schema.org","@graph":[{"@type":"WebPage","@id":"https:\/\/hungariancleveland.org\/hu\/media-hu\/","url":"https:\/\/hungariancleveland.org\/hu\/media-hu\/","name":"M\u00e9dia - United Hungarian Societies","isPartOf":{"@id":"https:\/\/hungariancleveland.org\/hu\/#website"},"datePublished":"2014-01-13T22:50:14+00:00","breadcrumb":{"@id":"https:\/\/hungariancleveland.org\/hu\/media-hu\/#breadcrumb"},"inLanguage":"hu","potentialAction":[{"@type":"ReadAction","target":["https:\/\/hungariancleveland.org\/hu\/media-hu\/"]}]},{"@type":"BreadcrumbList","@id":"https:\/\/hungariancleveland.org\/hu\/media-hu\/#breadcrumb","itemListElement":[{"@type":"ListItem","position":1,"name":"Home","item":"https:\/\/hungariancleveland.org\/hu\/"},{"@type":"ListItem","position":2,"name":"M\u00e9dia"}]},{"@type":"WebSite","@id":"https:\/\/hungariancleveland.org\/hu\/#website","url":"https:\/\/hungariancleveland.org\/hu\/","name":"United Hungarian Societies","description":"n umbrella organization that unites the Greater Cleveland area Hungarian-American organizations","potentialAction":[{"@type":"SearchAction","target":{"@type":"EntryPoint","urlTemplate":"https:\/\/hungariancleveland.org\/hu\/?s={search_term_string}"},"query-input":{"@type":"PropertyValueSpecification","valueRequired":true,"valueName":"search_term_string"}}],"inLanguage":"hu"}]}},"_links":{"self":[{"href":"https:\/\/hungariancleveland.org\/hu\/wp-json\/wp\/v2\/pages\/27","targetHints":{"allow":["GET"]}}],"collection":[{"href":"https:\/\/hungariancleveland.org\/hu\/wp-json\/wp\/v2\/pages"}],"about":[{"href":"https:\/\/hungariancleveland.org\/hu\/wp-json\/wp\/v2\/types\/page"}],"author":[{"embeddable":true,"href":"https:\/\/hungariancleveland.org\/hu\/wp-json\/wp\/v2\/users\/1"}],"replies":[{"embeddable":true,"href":"https:\/\/hungariancleveland.org\/hu\/wp-json\/wp\/v2\/comments?post=27"}],"version-history":[{"count":0,"href":"https:\/\/hungariancleveland.org\/hu\/wp-json\/wp\/v2\/pages\/27\/revisions"}],"wp:attachment":[{"href":"https:\/\/hungariancleveland.org\/hu\/wp-json\/wp\/v2\/media?parent=27"}],"curies":[{"name":"wp","href":"https:\/\/api.w.org\/{rel}","templated":true}]}}