{"id":114,"date":"2015-02-09T20:41:29","date_gmt":"2015-02-10T01:41:29","guid":{"rendered":"http:\/\/www.hungariancleveland.org\/?page_id=114"},"modified":"2026-02-08T17:55:34","modified_gmt":"2026-02-08T22:55:34","slug":"esemenyek","status":"publish","type":"page","link":"https:\/\/hungariancleveland.org\/hu\/esemenyek\/","title":{"rendered":"Events List"},"content":{"rendered":"<p>[et_pb_section fb_built=&#8221;1&#8243; admin_label=&#8221;section&#8221; _builder_version=&#8221;4.16&#8243; global_colors_info=&#8221;{}&#8221;][et_pb_row admin_label=&#8221;row&#8221; _builder_version=&#8221;4.16&#8243; background_size=&#8221;initial&#8221; background_position=&#8221;top_left&#8221; background_repeat=&#8221;repeat&#8221; global_colors_info=&#8221;{}&#8221;][et_pb_column type=&#8221;4_4&#8243; _builder_version=&#8221;4.16&#8243; custom_padding=&#8221;|||&#8221; global_colors_info=&#8221;{}&#8221; custom_padding__hover=&#8221;|||&#8221;][et_pb_text _builder_version=&#8221;4.16&#8243; _module_preset=&#8221;default&#8221; header_font=&#8221;Oswald||||||||&#8221; header_font_size=&#8221;45px&#8221; header_line_height=&#8221;1.7em&#8221; global_colors_info=&#8221;{}&#8221;]<\/p>\n<h1 style=\"text-align: center;\">ESEM\u00c9NYEK<\/h1>\n<p>[\/et_pb_text][\/et_pb_column][\/et_pb_row][\/et_pb_section][et_pb_section fb_built=&#8221;1&#8243; _builder_version=&#8221;4.27.5&#8243; _module_preset=&#8221;default&#8221; global_colors_info=&#8221;{}&#8221;][et_pb_row _builder_version=&#8221;4.27.5&#8243; _module_preset=&#8221;default&#8221; global_colors_info=&#8221;{}&#8221;][et_pb_column type=&#8221;4_4&#8243; _builder_version=&#8221;4.27.5&#8243; _module_preset=&#8221;default&#8221; global_colors_info=&#8221;{}&#8221;][et_pb_text _builder_version=&#8221;4.27.5&#8243; _module_preset=&#8221;default&#8221; text_text_color=&#8221;#E02B20&#8243; global_colors_info=&#8221;{}&#8221;]<\/p>\n<h4>Megjegyz\u00e9s: kattintson al\u00e1bb a legfrissebb, e\u2011mailben kik\u00fcld\u00f6tt esem\u00e9nyek\u00e9rt.<\/h4>\n<h2><span style=\"text-decoration: underline;\"><strong><a title=\"February Hungarian Events Newsletter (Cleveland)\" href=\"http:\/\/eepurl.com\/jyoCso\" target=\"_blank\" rel=\"noopener\">2026. febru\u00e1ri magyar h\u00edrlev\u00e9l (Cleveland)<\/a><\/strong><\/span><\/h2>\n<p><strong><\/strong><\/p>\n<p><strong><\/strong><\/p>\n<h3><b><em><!--StartFragment --><\/em><\/b><\/h3>\n<h3>K\u00f6vetkezik: M\u00e1rcius 1-i rendezv\u00e9ny \u2013 1848-as megeml\u00e9kez\u00e9s<\/h3>\n<h3><b><em><!--EndFragment --><\/em><\/b><\/h3>\n<p>[\/et_pb_text][\/et_pb_column][\/et_pb_row][\/et_pb_section][et_pb_section fb_built=&#8221;1&#8243; _builder_version=&#8221;4.27.5&#8243; _module_preset=&#8221;default&#8221; global_colors_info=&#8221;{}&#8221;][et_pb_row _builder_version=&#8221;4.27.5&#8243; _module_preset=&#8221;default&#8221; global_colors_info=&#8221;{}&#8221;][et_pb_column type=&#8221;4_4&#8243; _builder_version=&#8221;4.27.5&#8243; _module_preset=&#8221;default&#8221; global_colors_info=&#8221;{}&#8221;][et_pb_image src=&#8221;https:\/\/hungariancleveland.org\/wp-content\/uploads\/2026\/02\/EME-1848-unnepely-2026.jpg&#8221; title_text=&#8221;EME 1848 \u00fcnnep\u00e9ly 2026&#8243; _builder_version=&#8221;4.27.5&#8243; _module_preset=&#8221;default&#8221; global_colors_info=&#8221;{}&#8221;][\/et_pb_image][\/et_pb_column][\/et_pb_row][\/et_pb_section]<\/p>\n","protected":false},"excerpt":{"rendered":"<p>ESEM\u00c9NYEKMegjegyz\u00e9s: kattintson al\u00e1bb a legfrissebb, e\u2011mailben kik\u00fcld\u00f6tt esem\u00e9nyek\u00e9rt. 2026. febru\u00e1ri magyar h\u00edrlev\u00e9l (Cleveland) K\u00f6vetkezik: M\u00e1rcius 1-i rendezv\u00e9ny \u2013 1848-as megeml\u00e9kez\u00e9s<\/p>\n","protected":false},"author":1,"featured_media":0,"parent":0,"menu_order":0,"comment_status":"closed","ping_status":"closed","template":"","meta":{"_et_pb_use_builder":"on","_et_pb_old_content":"<!-- wp:ect\/shortcode {\"style\":\"style-2\",\"socialshare\":\"yes\"} \/-->","_et_gb_content_width":"","footnotes":""},"class_list":["post-114","page","type-page","status-publish","hentry"],"yoast_head":"<!-- This site is optimized with the Yoast SEO plugin v26.9 - https:\/\/yoast.com\/product\/yoast-seo-wordpress\/ -->\n<title>Events List - United Hungarian Societies<\/title>\n<meta name=\"robots\" content=\"index, follow, max-snippet:-1, max-image-preview:large, max-video-preview:-1\" \/>\n<link rel=\"canonical\" href=\"https:\/\/hungariancleveland.org\/hu\/esemenyek\/\" \/>\n<meta property=\"og:locale\" content=\"hu_HU\" \/>\n<meta property=\"og:type\" content=\"article\" \/>\n<meta property=\"og:title\" content=\"Events List - United Hungarian Societies\" \/>\n<meta property=\"og:description\" content=\"ESEM\u00c9NYEKMegjegyz\u00e9s: kattintson al\u00e1bb a legfrissebb, e\u2011mailben kik\u00fcld\u00f6tt esem\u00e9nyek\u00e9rt. 2026. febru\u00e1ri magyar h\u00edrlev\u00e9l (Cleveland) K\u00f6vetkezik: M\u00e1rcius 1-i rendezv\u00e9ny \u2013 1848-as megeml\u00e9kez\u00e9s\" \/>\n<meta property=\"og:url\" content=\"https:\/\/hungariancleveland.org\/hu\/esemenyek\/\" \/>\n<meta property=\"og:site_name\" content=\"United Hungarian Societies\" \/>\n<meta property=\"article:modified_time\" content=\"2026-02-08T22:55:34+00:00\" \/>\n<meta name=\"twitter:card\" content=\"summary_large_image\" \/>\n<meta name=\"twitter:label1\" content=\"Becs\u00fclt olvas\u00e1si id\u0151\" \/>\n\t<meta name=\"twitter:data1\" content=\"1 perc\" \/>\n<script type=\"application\/ld+json\" class=\"yoast-schema-graph\">{\"@context\":\"https:\/\/schema.org\",\"@graph\":[{\"@type\":\"WebPage\",\"@id\":\"https:\/\/hungariancleveland.org\/hu\/esemenyek\/\",\"url\":\"https:\/\/hungariancleveland.org\/hu\/esemenyek\/\",\"name\":\"Events List - United Hungarian Societies\",\"isPartOf\":{\"@id\":\"https:\/\/hungariancleveland.org\/hu\/#website\"},\"datePublished\":\"2015-02-10T01:41:29+00:00\",\"dateModified\":\"2026-02-08T22:55:34+00:00\",\"breadcrumb\":{\"@id\":\"https:\/\/hungariancleveland.org\/hu\/esemenyek\/#breadcrumb\"},\"inLanguage\":\"hu\",\"potentialAction\":[{\"@type\":\"ReadAction\",\"target\":[\"https:\/\/hungariancleveland.org\/hu\/esemenyek\/\"]}]},{\"@type\":\"BreadcrumbList\",\"@id\":\"https:\/\/hungariancleveland.org\/hu\/esemenyek\/#breadcrumb\",\"itemListElement\":[{\"@type\":\"ListItem\",\"position\":1,\"name\":\"Home\",\"item\":\"https:\/\/hungariancleveland.org\/hu\/\"},{\"@type\":\"ListItem\",\"position\":2,\"name\":\"Events List\"}]},{\"@type\":\"WebSite\",\"@id\":\"https:\/\/hungariancleveland.org\/hu\/#website\",\"url\":\"https:\/\/hungariancleveland.org\/hu\/\",\"name\":\"United Hungarian Societies\",\"description\":\"n umbrella organization that unites the Greater Cleveland area Hungarian-American organizations\",\"potentialAction\":[{\"@type\":\"SearchAction\",\"target\":{\"@type\":\"EntryPoint\",\"urlTemplate\":\"https:\/\/hungariancleveland.org\/hu\/?s={search_term_string}\"},\"query-input\":{\"@type\":\"PropertyValueSpecification\",\"valueRequired\":true,\"valueName\":\"search_term_string\"}}],\"inLanguage\":\"hu\"}]}<\/script>\n<!-- \/ Yoast SEO plugin. -->","yoast_head_json":{"title":"Events List - United Hungarian Societies","robots":{"index":"index","follow":"follow","max-snippet":"max-snippet:-1","max-image-preview":"max-image-preview:large","max-video-preview":"max-video-preview:-1"},"canonical":"https:\/\/hungariancleveland.org\/hu\/esemenyek\/","og_locale":"hu_HU","og_type":"article","og_title":"Events List - United Hungarian Societies","og_description":"ESEM\u00c9NYEKMegjegyz\u00e9s: kattintson al\u00e1bb a legfrissebb, e\u2011mailben kik\u00fcld\u00f6tt esem\u00e9nyek\u00e9rt. 2026. febru\u00e1ri magyar h\u00edrlev\u00e9l (Cleveland) K\u00f6vetkezik: M\u00e1rcius 1-i rendezv\u00e9ny \u2013 1848-as megeml\u00e9kez\u00e9s","og_url":"https:\/\/hungariancleveland.org\/hu\/esemenyek\/","og_site_name":"United Hungarian Societies","article_modified_time":"2026-02-08T22:55:34+00:00","twitter_card":"summary_large_image","twitter_misc":{"Becs\u00fclt olvas\u00e1si id\u0151":"1 perc"},"schema":{"@context":"https:\/\/schema.org","@graph":[{"@type":"WebPage","@id":"https:\/\/hungariancleveland.org\/hu\/esemenyek\/","url":"https:\/\/hungariancleveland.org\/hu\/esemenyek\/","name":"Events List - United Hungarian Societies","isPartOf":{"@id":"https:\/\/hungariancleveland.org\/hu\/#website"},"datePublished":"2015-02-10T01:41:29+00:00","dateModified":"2026-02-08T22:55:34+00:00","breadcrumb":{"@id":"https:\/\/hungariancleveland.org\/hu\/esemenyek\/#breadcrumb"},"inLanguage":"hu","potentialAction":[{"@type":"ReadAction","target":["https:\/\/hungariancleveland.org\/hu\/esemenyek\/"]}]},{"@type":"BreadcrumbList","@id":"https:\/\/hungariancleveland.org\/hu\/esemenyek\/#breadcrumb","itemListElement":[{"@type":"ListItem","position":1,"name":"Home","item":"https:\/\/hungariancleveland.org\/hu\/"},{"@type":"ListItem","position":2,"name":"Events List"}]},{"@type":"WebSite","@id":"https:\/\/hungariancleveland.org\/hu\/#website","url":"https:\/\/hungariancleveland.org\/hu\/","name":"United Hungarian Societies","description":"n umbrella organization that unites the Greater Cleveland area Hungarian-American organizations","potentialAction":[{"@type":"SearchAction","target":{"@type":"EntryPoint","urlTemplate":"https:\/\/hungariancleveland.org\/hu\/?s={search_term_string}"},"query-input":{"@type":"PropertyValueSpecification","valueRequired":true,"valueName":"search_term_string"}}],"inLanguage":"hu"}]}},"_links":{"self":[{"href":"https:\/\/hungariancleveland.org\/hu\/wp-json\/wp\/v2\/pages\/114","targetHints":{"allow":["GET"]}}],"collection":[{"href":"https:\/\/hungariancleveland.org\/hu\/wp-json\/wp\/v2\/pages"}],"about":[{"href":"https:\/\/hungariancleveland.org\/hu\/wp-json\/wp\/v2\/types\/page"}],"author":[{"embeddable":true,"href":"https:\/\/hungariancleveland.org\/hu\/wp-json\/wp\/v2\/users\/1"}],"replies":[{"embeddable":true,"href":"https:\/\/hungariancleveland.org\/hu\/wp-json\/wp\/v2\/comments?post=114"}],"version-history":[{"count":18,"href":"https:\/\/hungariancleveland.org\/hu\/wp-json\/wp\/v2\/pages\/114\/revisions"}],"predecessor-version":[{"id":97270,"href":"https:\/\/hungariancleveland.org\/hu\/wp-json\/wp\/v2\/pages\/114\/revisions\/97270"}],"wp:attachment":[{"href":"https:\/\/hungariancleveland.org\/hu\/wp-json\/wp\/v2\/media?parent=114"}],"curies":[{"name":"wp","href":"https:\/\/api.w.org\/{rel}","templated":true}]}}